{"id":3067,"date":"2021-06-25T00:18:33","date_gmt":"2021-06-25T00:18:33","guid":{"rendered":"https:\/\/loy.ch\/new\/?page_id=3067"},"modified":"2026-01-15T11:57:38","modified_gmt":"2026-01-15T10:57:38","slug":"ueber-uns","status":"publish","type":"page","link":"https:\/\/loy.ch\/fr\/about\/","title":{"rendered":"\u00dcber Uns"},"content":{"rendered":"\n\n  <div class=\"banner has-hover has-parallax\" id=\"banner-729240059\">\n          <div class=\"banner-inner fill\">\n        <div class=\"banner-bg fill\" data-parallax=\"-3\" data-parallax-container=\".banner\" data-parallax-background>\n            <div class=\"bg fill bg-fill \"><\/div>\n                        <div class=\"overlay\"><\/div>            \n                    <\/div>\n\t\t\n        <div class=\"banner-layers container\">\n            <div class=\"fill banner-link\"><\/div>            \n\n   <div id=\"text-box-2062332349\" class=\"text-box banner-layer x50 md-x50 lg-x50 y95 md-y95 lg-y95 res-text\">\n                                <div class=\"text-box-content text dark\">\n              \n              <div class=\"text-inner text-center\">\n                  \n\n<h1 class=\"lead\">A propos de nous<\/h1>\n<p class=\"lead\">Bien rod\u00e9e et color\u00e9e, voil\u00e0 notre \u00e9quipe!<\/p>\n\n              <\/div>\n           <\/div>\n                            \n<style>\n#text-box-2062332349 {\n  width: 60%;\n}\n#text-box-2062332349 .text-box-content {\n  font-size: 100%;\n}\n<\/style>\n    <\/div>\n \n\n        <\/div>\n      <\/div>\n\n            \n<style>\n#banner-729240059 {\n  padding-top: 250px;\n}\n#banner-729240059 .bg.bg-loaded {\n  background-image: url(https:\/\/i0.wp.com\/loy.ch\/wp-content\/uploads\/2021\/06\/slider_halle_early.png?fit=1020%2C319&ssl=1);\n}\n#banner-729240059 .overlay {\n  background-color: rgba(0, 0, 0, 0.49);\n}\n<\/style>\n  <\/div>\n\n\n<div class=\"row\"  id=\"row-646140526\">\n\n\n\t<div id=\"col-745534637\" class=\"col small-12 large-12\"  >\n\t\t\t\t<div class=\"col-inner\"  >\n\t\t\t\n\t\t\t\n\n<p class=\"lead text-center\"><strong>Loy Digital SA a \u00e9t\u00e9 fond\u00e9e en 2021 en tant que spin-off d&#8217;Olmero SA. <\/strong><strong>Notre mission est de les aider \u00e0 fa\u00e7onner l&#8217;avenir. Notre \u00e9quipe est tr\u00e8s motiv\u00e9e, car nous sommes sortis du corset des processus bloqu\u00e9s et compliqu\u00e9s, en emportant avec nous 20 ans d&#8217;exp\u00e9rience. Nous avons tous grandi et savons ce que nous voulons. Nous voulons \u00e0 nouveau \u00eatre des pionniers et faire la diff\u00e9rence. Ensemble nous sommes plus forts.<br \/><\/strong><\/p>\n<div class=\"text-center\"><div class=\"is-divider divider clearfix\" ><\/div><\/div>\n\n\n\t\t<\/div>\n\t\t\t\t\t<\/div>\n\n\t\n\n\t<div id=\"col-74290341\" class=\"col medium-3 small-12 large-3\"  >\n\t\t\t\t<div class=\"col-inner\"  >\n\t\t\t\n\t\t\t\n\n    <div class=\"box has-hover has-hover box-text-bottom\" >\n\n                  <div class=\"box-image \" style=\"width:80%;\">\n           <div class=\"box-image-inner image-cover\" style=\"border-radius:20%;padding-top:100%;\">\n              <img decoding=\"async\" src=\"https:\/\/i0.wp.com\/loy.ch\/wp-content\/uploads\/2022\/02\/Loy-Alex-012-1-scaled.jpg?w=1020&#038;ssl=1\" class=\"attachment- size-\" alt=\"\" data-recalc-dims=\"1\" \/>                         <\/div>\n          <\/div>\n         \n          <div class=\"box-text text-center\" style=\"padding:0px 0px 0px 0px;\">\n                <div class=\"box-text-inner\">\n                  <h4 class=\"uppercase\">\n                    <span class=\"person-name\">Alexander Loy<\/span><br\/>\n                    <span class=\"person-title is-small thin-font op-7\">\n                      Directeur                    <\/span>\n                  <\/h4>\n\t\t\t\t\t<div class=\"social-icons follow-icons\" ><a href=\"mailto:alexander.loy@loy.ch\" data-label=\"E-mail\" target=\"_blank\" class=\"icon button circle is-outline email tooltip\" title=\"Nous envoyer un email\" aria-label=\"Nous envoyer un email\" rel=\"nofollow noopener\" ><i class=\"icon-envelop\" ><\/i><\/a><a href=\"tel:+41585174425\" data-label=\"Phone\" target=\"_blank\" class=\"icon button circle is-outline phone tooltip\" title=\"Appelez-nous\" aria-label=\"Appelez-nous\" rel=\"nofollow noopener\" ><i class=\"icon-phone\" ><\/i><\/a><a href=\"https:\/\/www.linkedin.com\/public-profile\/settings?trk=d_flagship3_profile_self_view_public_profile&amp;lipi=urn%3Ali%3Apage%3Ad_flagship3_profile_self_edit_contact_info%3B4ydyDoZQSBOpwS2ORYTCMw%3D%3D\" data-label=\"LinkedIn\" target=\"_blank\" class=\"icon button circle is-outline linkedin tooltip\" title=\"Nous suivre sur LinkedIn\" aria-label=\"Nous suivre sur LinkedIn\" rel=\"noopener nofollow\" ><i class=\"icon-linkedin\" ><\/i><\/a><\/div>\n\n\n                <\/div>\n          <\/div>\n    <\/div>\n\n\t\n    \n    <div class=\"box has-hover has-hover box-text-bottom\" >\n\n                  <div class=\"box-image \" style=\"width:80%;\">\n           <div class=\"box-image-inner image-cover\" style=\"border-radius:20%;padding-top:100%;\">\n              <img loading=\"lazy\" decoding=\"async\" width=\"500\" height=\"600\" src=\"https:\/\/i2.wp.com\/loy.ch\/wp-content\/uploads\/2016\/08\/dummy-prod-1.jpg?resize=500%2C600&#038;ssl=1\" class=\"attachment- size-\" alt=\"\" srcset=\"https:\/\/i2.wp.com\/loy.ch\/wp-content\/uploads\/2016\/08\/dummy-prod-1.jpg?w=500&amp;ssl=1 500w, https:\/\/i2.wp.com\/loy.ch\/wp-content\/uploads\/2016\/08\/dummy-prod-1.jpg?resize=250%2C300&amp;ssl=1 250w\" sizes=\"auto, (max-width: 500px) 100vw, 500px\" data-recalc-dims=\"1\" \/>                         <\/div>\n          <\/div>\n         \n          <div class=\"box-text text-center\" style=\"padding:0px 0px 75px 0px;\">\n                <div class=\"box-text-inner\">\n                  <h4 class=\"uppercase\">\n                    <span class=\"person-name\">Antonio Rizzo<\/span><br\/>\n                    <span class=\"person-title is-small thin-font op-7\">\n                                          <\/span>\n                  <\/h4>\n\t\t\t\t\t\n\n\n                <\/div>\n          <\/div>\n    <\/div>\n\n\t\n    \n\n\t\t<\/div>\n\t\t\t\t\t<\/div>\n\n\t\n\n\t<div id=\"col-890029357\" class=\"col medium-3 small-12 large-3\"  >\n\t\t\t\t<div class=\"col-inner\"  >\n\t\t\t\n\t\t\t\n\n    <div class=\"box has-hover has-hover box-text-bottom\" >\n\n                  <div class=\"box-image \" style=\"width:80%;\">\n           <div class=\"box-image-inner image-cover\" style=\"border-radius:20%;padding-top:100%;\">\n              <img loading=\"lazy\" decoding=\"async\" width=\"1020\" height=\"680\" src=\"https:\/\/i1.wp.com\/loy.ch\/wp-content\/uploads\/2022\/02\/Pascal-006-scaled.jpg?resize=1020%2C680&#038;ssl=1\" class=\"attachment- size-\" alt=\"\" srcset=\"https:\/\/i1.wp.com\/loy.ch\/wp-content\/uploads\/2022\/02\/Pascal-006-scaled.jpg?w=2560&amp;ssl=1 2560w, https:\/\/i1.wp.com\/loy.ch\/wp-content\/uploads\/2022\/02\/Pascal-006-scaled.jpg?resize=600%2C400&amp;ssl=1 600w, https:\/\/i1.wp.com\/loy.ch\/wp-content\/uploads\/2022\/02\/Pascal-006-scaled.jpg?resize=1200%2C800&amp;ssl=1 1200w, https:\/\/i1.wp.com\/loy.ch\/wp-content\/uploads\/2022\/02\/Pascal-006-scaled.jpg?resize=768%2C512&amp;ssl=1 768w, https:\/\/i1.wp.com\/loy.ch\/wp-content\/uploads\/2022\/02\/Pascal-006-scaled.jpg?resize=1536%2C1024&amp;ssl=1 1536w, https:\/\/i1.wp.com\/loy.ch\/wp-content\/uploads\/2022\/02\/Pascal-006-scaled.jpg?resize=2048%2C1365&amp;ssl=1 2048w\" sizes=\"auto, (max-width: 1020px) 100vw, 1020px\" data-recalc-dims=\"1\" \/>                         <\/div>\n          <\/div>\n         \n          <div class=\"box-text text-center\" style=\"padding:0px 0px 0px 0px;\">\n                <div class=\"box-text-inner\">\n                  <h4 class=\"uppercase\">\n                    <span class=\"person-name\">Pascal Zumstein<\/span><br\/>\n                    <span class=\"person-title is-small thin-font op-7\">\n                      Key Account Manager                    <\/span>\n                  <\/h4>\n\t\t\t\t\t<div class=\"social-icons follow-icons\" ><a href=\"mailto:pascal.zumstein@loy.ch\" data-label=\"E-mail\" target=\"_blank\" class=\"icon button circle is-outline email tooltip\" title=\"Nous envoyer un email\" aria-label=\"Nous envoyer un email\" rel=\"nofollow noopener\" ><i class=\"icon-envelop\" ><\/i><\/a><a href=\"tel:+585174428\" data-label=\"Phone\" target=\"_blank\" class=\"icon button circle is-outline phone tooltip\" title=\"Appelez-nous\" aria-label=\"Appelez-nous\" rel=\"nofollow noopener\" ><i class=\"icon-phone\" ><\/i><\/a><\/div>\n\n\n                <\/div>\n          <\/div>\n    <\/div>\n\n\t\n    \n    <div class=\"box has-hover has-hover box-text-bottom\" >\n\n                  <div class=\"box-image \" style=\"width:80%;\">\n           <div class=\"box-image-inner image-cover\" style=\"border-radius:20%;padding-top:100%;\">\n              <img loading=\"lazy\" decoding=\"async\" width=\"1020\" height=\"680\" src=\"https:\/\/i2.wp.com\/loy.ch\/wp-content\/uploads\/2022\/02\/Jihad-scaled.jpg?resize=1020%2C680&#038;ssl=1\" class=\"attachment- size-\" alt=\"\" srcset=\"https:\/\/i2.wp.com\/loy.ch\/wp-content\/uploads\/2022\/02\/Jihad-scaled.jpg?w=2560&amp;ssl=1 2560w, https:\/\/i2.wp.com\/loy.ch\/wp-content\/uploads\/2022\/02\/Jihad-scaled.jpg?resize=600%2C400&amp;ssl=1 600w, https:\/\/i2.wp.com\/loy.ch\/wp-content\/uploads\/2022\/02\/Jihad-scaled.jpg?resize=1200%2C800&amp;ssl=1 1200w, https:\/\/i2.wp.com\/loy.ch\/wp-content\/uploads\/2022\/02\/Jihad-scaled.jpg?resize=768%2C512&amp;ssl=1 768w, https:\/\/i2.wp.com\/loy.ch\/wp-content\/uploads\/2022\/02\/Jihad-scaled.jpg?resize=1536%2C1024&amp;ssl=1 1536w, https:\/\/i2.wp.com\/loy.ch\/wp-content\/uploads\/2022\/02\/Jihad-scaled.jpg?resize=2048%2C1365&amp;ssl=1 2048w\" sizes=\"auto, (max-width: 1020px) 100vw, 1020px\" data-recalc-dims=\"1\" \/>                         <\/div>\n          <\/div>\n         \n          <div class=\"box-text text-center\" style=\"padding:0px 0px 30px 0px;\">\n                <div class=\"box-text-inner\">\n                  <h4 class=\"uppercase\">\n                    <span class=\"person-name\">Jihad Chalhoub<\/span><br\/>\n                    <span class=\"person-title is-small thin-font op-7\">\n                                          <\/span>\n                  <\/h4>\n\t\t\t\t\t\n\n\n                <\/div>\n          <\/div>\n    <\/div>\n\n\t\n    \n\n\t\t<\/div>\n\t\t\t\t\t<\/div>\n\n\t\n\n\t<div id=\"col-764200298\" class=\"col medium-3 small-12 large-3\"  >\n\t\t\t\t<div class=\"col-inner\"  >\n\t\t\t\n\t\t\t\n\n    <div class=\"box has-hover has-hover box-text-bottom\" >\n\n                  <div class=\"box-image \" style=\"width:80%;\">\n           <div class=\"box-image-inner image-cover\" style=\"border-radius:20%;padding-top:100%;\">\n              <img decoding=\"async\" src=\"https:\/\/i2.wp.com\/loy.ch\/wp-content\/uploads\/2022\/02\/Laura-scaled.jpg?w=1020&#038;ssl=1\" class=\"attachment- size-\" alt=\"\" data-recalc-dims=\"1\" \/>                         <\/div>\n          <\/div>\n         \n          <div class=\"box-text text-center\" style=\"padding:0px 0px 0px 0px;\">\n                <div class=\"box-text-inner\">\n                  <h4 class=\"uppercase\">\n                    <span class=\"person-name\">Laura Tolomei<\/span><br\/>\n                    <span class=\"person-title is-small thin-font op-7\">\n                      Administration                    <\/span>\n                  <\/h4>\n\t\t\t\t\t<div class=\"social-icons follow-icons\" ><a href=\"mailto:laura.tolomei@loy.ch\" data-label=\"E-mail\" target=\"_blank\" class=\"icon button circle is-outline email tooltip\" title=\"Nous envoyer un email\" aria-label=\"Nous envoyer un email\" rel=\"nofollow noopener\" ><i class=\"icon-envelop\" ><\/i><\/a><a href=\"tel:+41445174429\" data-label=\"Phone\" target=\"_blank\" class=\"icon button circle is-outline phone tooltip\" title=\"Appelez-nous\" aria-label=\"Appelez-nous\" rel=\"nofollow noopener\" ><i class=\"icon-phone\" ><\/i><\/a><\/div>\n\n\n                <\/div>\n          <\/div>\n    <\/div>\n\n\t\n    \n    <div class=\"box has-hover has-hover box-text-bottom\" >\n\n                  <div class=\"box-image \" style=\"width:80%;\">\n           <div class=\"box-image-inner image-cover\" style=\"border-radius:20%;padding-top:100%;\">\n              <img decoding=\"async\" src=\"https:\/\/i0.wp.com\/loy.ch\/wp-content\/uploads\/2022\/02\/Mariana-scaled.jpg?w=1020&#038;ssl=1\" class=\"attachment- size-\" alt=\"\" data-recalc-dims=\"1\" \/>                         <\/div>\n          <\/div>\n         \n          <div class=\"box-text text-center\" style=\"padding:0px 0px 73px 0px;\">\n                <div class=\"box-text-inner\">\n                  <h4 class=\"uppercase\">\n                    <span class=\"person-name\">Mariana Kempf<\/span><br\/>\n                    <span class=\"person-title is-small thin-font op-7\">\n                                          <\/span>\n                  <\/h4>\n\t\t\t\t\t\n\n\n                <\/div>\n          <\/div>\n    <\/div>\n\n\t\n    \n\n\t\t<\/div>\n\t\t\t\t\t<\/div>\n\n\t\n\n\t<div id=\"col-285973859\" class=\"col medium-3 small-12 large-3\"  >\n\t\t\t\t<div class=\"col-inner\"  >\n\t\t\t\n\t\t\t\n\n    <div class=\"box has-hover has-hover box-text-bottom\" >\n\n                  <div class=\"box-image \" style=\"width:80%;\">\n           <div class=\"box-image-inner image-cover\" style=\"border-radius:20%;padding-top:100%;\">\n              <img loading=\"lazy\" decoding=\"async\" width=\"1020\" height=\"680\" src=\"https:\/\/i1.wp.com\/loy.ch\/wp-content\/uploads\/2022\/02\/Jelena-scaled.jpg?resize=1020%2C680&#038;ssl=1\" class=\"attachment- size-\" alt=\"\" srcset=\"https:\/\/i1.wp.com\/loy.ch\/wp-content\/uploads\/2022\/02\/Jelena-scaled.jpg?w=2560&amp;ssl=1 2560w, https:\/\/i1.wp.com\/loy.ch\/wp-content\/uploads\/2022\/02\/Jelena-scaled.jpg?resize=600%2C400&amp;ssl=1 600w, https:\/\/i1.wp.com\/loy.ch\/wp-content\/uploads\/2022\/02\/Jelena-scaled.jpg?resize=1200%2C800&amp;ssl=1 1200w, https:\/\/i1.wp.com\/loy.ch\/wp-content\/uploads\/2022\/02\/Jelena-scaled.jpg?resize=768%2C512&amp;ssl=1 768w, https:\/\/i1.wp.com\/loy.ch\/wp-content\/uploads\/2022\/02\/Jelena-scaled.jpg?resize=1536%2C1024&amp;ssl=1 1536w, https:\/\/i1.wp.com\/loy.ch\/wp-content\/uploads\/2022\/02\/Jelena-scaled.jpg?resize=2048%2C1366&amp;ssl=1 2048w\" sizes=\"auto, (max-width: 1020px) 100vw, 1020px\" data-recalc-dims=\"1\" \/>                         <\/div>\n          <\/div>\n         \n          <div class=\"box-text text-center\" style=\"padding:0px 0px 0px 0px;\">\n                <div class=\"box-text-inner\">\n                  <h4 class=\"uppercase\">\n                    <span class=\"person-name\">Jelena Sreckovic<\/span><br\/>\n                    <span class=\"person-title is-small thin-font op-7\">\n                      Impression Digitale                    <\/span>\n                  <\/h4>\n\t\t\t\t\t<div class=\"social-icons follow-icons\" ><a href=\"mailto:jelena.sreckovic@loy.ch\" data-label=\"E-mail\" target=\"_blank\" class=\"icon button circle is-outline email tooltip\" title=\"Nous envoyer un email\" aria-label=\"Nous envoyer un email\" rel=\"nofollow noopener\" ><i class=\"icon-envelop\" ><\/i><\/a><a href=\"tel:+41445174427\" data-label=\"Phone\" target=\"_blank\" class=\"icon button circle is-outline phone tooltip\" title=\"Appelez-nous\" aria-label=\"Appelez-nous\" rel=\"nofollow noopener\" ><i class=\"icon-phone\" ><\/i><\/a><\/div>\n\n\n                <\/div>\n          <\/div>\n    <\/div>\n\n\t\n    \n\n\t\t<\/div>\n\t\t\t\t\t<\/div>\n\n\t\n\n<\/div>\n\n\n\n<p><\/p>\n","protected":false},"excerpt":{"rendered":"","protected":false},"author":1,"featured_media":0,"parent":3061,"menu_order":0,"comment_status":"closed","ping_status":"closed","template":"","meta":{"spay_email":"","footnotes":""},"class_list":["post-3067","page","type-page","status-publish","hentry"],"_links":{"self":[{"href":"https:\/\/loy.ch\/fr\/wp-json\/wp\/v2\/pages\/3067","targetHints":{"allow":["GET"]}}],"collection":[{"href":"https:\/\/loy.ch\/fr\/wp-json\/wp\/v2\/pages"}],"about":[{"href":"https:\/\/loy.ch\/fr\/wp-json\/wp\/v2\/types\/page"}],"author":[{"embeddable":true,"href":"https:\/\/loy.ch\/fr\/wp-json\/wp\/v2\/users\/1"}],"replies":[{"embeddable":true,"href":"https:\/\/loy.ch\/fr\/wp-json\/wp\/v2\/comments?post=3067"}],"version-history":[{"count":28,"href":"https:\/\/loy.ch\/fr\/wp-json\/wp\/v2\/pages\/3067\/revisions"}],"predecessor-version":[{"id":4275,"href":"https:\/\/loy.ch\/fr\/wp-json\/wp\/v2\/pages\/3067\/revisions\/4275"}],"up":[{"embeddable":true,"href":"https:\/\/loy.ch\/fr\/wp-json\/wp\/v2\/pages\/3061"}],"wp:attachment":[{"href":"https:\/\/loy.ch\/fr\/wp-json\/wp\/v2\/media?parent=3067"}],"curies":[{"name":"wp","href":"https:\/\/api.w.org\/{rel}","templated":true}]}}