{"id":3070,"date":"2021-06-25T00:22:06","date_gmt":"2021-06-25T00:22:06","guid":{"rendered":"https:\/\/loy.ch\/new\/?page_id=3070"},"modified":"2024-10-24T20:45:35","modified_gmt":"2024-10-24T18:45:35","slug":"standorte","status":"publish","type":"page","link":"https:\/\/loy.ch\/fr\/locations\/","title":{"rendered":"Standorte"},"content":{"rendered":"\n\n  <div class=\"banner has-hover has-parallax\" id=\"banner-964773990\">\n          <div class=\"banner-inner fill\">\n        <div class=\"banner-bg fill\" data-parallax=\"-2\" data-parallax-container=\".banner\" data-parallax-background>\n            <div class=\"bg fill bg-fill \"><\/div>\n                        <div class=\"overlay\"><\/div>            \n                    <\/div>\n\t\t\n        <div class=\"banner-layers container\">\n            <div class=\"fill banner-link\"><\/div>            \n\n   <div id=\"text-box-646761884\" class=\"text-box banner-layer x50 md-x50 lg-x50 y90 md-y90 lg-y90 res-text\">\n                                <div class=\"text-box-content text dark\">\n              \n              <div class=\"text-inner text-center\">\n                  \n\n\t<div id=\"text-2380015986\" class=\"text\">\n\t\t\n\n<h1 class=\"lead\">Nos sites<\/h1>\n<p class=\"lead\">&nbsp;<\/p>\n\t\t\n<style>\n#text-2380015986 {\n  line-height: 0.75;\n}\n<\/style>\n\t<\/div>\n\t\n\n              <\/div>\n           <\/div>\n                            \n<style>\n#text-box-646761884 {\n  width: 60%;\n}\n#text-box-646761884 .text-box-content {\n  font-size: 100%;\n}\n@media (min-width:550px) {\n  #text-box-646761884 {\n    width: 68%;\n  }\n}\n<\/style>\n    <\/div>\n \n\n        <\/div>\n      <\/div>\n\n            \n<style>\n#banner-964773990 {\n  padding-top: 250px;\n}\n#banner-964773990 .bg.bg-loaded {\n  background-image: url(https:\/\/i1.wp.com\/loy.ch\/wp-content\/uploads\/2021\/06\/slider3.jpg?fit=1020%2C319&ssl=1);\n}\n#banner-964773990 .overlay {\n  background-color: rgba(0, 0, 0, 0.2);\n}\n<\/style>\n  <\/div>\n\n\n<div class=\"row\"  id=\"row-500162713\">\n\n\n\t<div id=\"col-1097877233\" class=\"col small-12 large-12\"  >\n\t\t\t\t<div class=\"col-inner\"  >\n\t\t\t\n\t\t\t\n\n<p class=\"lead\">Avec 4 sites de production dans toute la Suisse, nous sommes non seulement tr\u00e8s fortement ancr\u00e9s au niveau r\u00e9gional, mais aussi tr\u00e8s rapidement l\u00e0 o\u00f9 vous avez besoin de nous.<\/p>\n\n\n\t\t<div class=\"tabbed-content\">\n\t\t\t\n\t\t\t<ul class=\"nav nav-line nav-vertical nav-uppercase nav-size-normal nav-left\" role=\"tablist\"><li id=\"tab-z\u00fcrich\" class=\"tab active has-icon\" role=\"presentation\"><a href=\"#tab_z\u00fcrich\" role=\"tab\" aria-selected=\"true\" aria-controls=\"tab_z\u00fcrich\"><span>Z\u00fcrich<\/span><\/a><\/li>\n<li id=\"tab-b\u00e2le\" class=\"tab has-icon\" role=\"presentation\"><a href=\"#tab_b\u00e2le\" tabindex=\"-1\" role=\"tab\" aria-selected=\"false\" aria-controls=\"tab_b\u00e2le\"><span>B\u00e2le<\/span><\/a><\/li>\n<li id=\"tab-lausanne\" class=\"tab has-icon\" role=\"presentation\"><a href=\"#tab_lausanne\" tabindex=\"-1\" role=\"tab\" aria-selected=\"false\" aria-controls=\"tab_lausanne\"><span>Lausanne<\/span><\/a><\/li>\n<li id=\"tab-gen\u00e8ve\" class=\"tab has-icon\" role=\"presentation\"><a href=\"#tab_gen\u00e8ve\" tabindex=\"-1\" role=\"tab\" aria-selected=\"false\" aria-controls=\"tab_gen\u00e8ve\"><span>Gen\u00e8ve<\/span><\/a><\/li><\/ul><div class=\"tab-panels\"><div id=\"tab_z\u00fcrich\" class=\"panel active entry-content\" role=\"tabpanel\" aria-labelledby=\"tab-z\u00fcrich\">\n\n\n\t<script type=\"text\/javascript\">\n  jQuery( document ).ready(function() {\n    function initialize() {\n        var styles = {\n            'flatsome':  [{\n            \"featureType\": \"administrative\",\n            \"stylers\": [\n              { \"visibility\": \"on\" }\n            ]\n          },\n          {\n            \"featureType\": \"road\",\n            \"stylers\": [\n              { \"visibility\": \"on\" },\n              { \"hue\": \"\" }\n            ]\n          },\n          {\n            \"stylers\": [\n\t\t\t  { \"visibility\": \"on\" },\n\t\t\t  { \"hue\": \"\" },\n\t\t\t  { \"saturation\": -58 }\n            ]\n          }\n        ]};\n\n        var myLatlng = new google.maps.LatLng(47.449756911799, 8.5962786628491);\n        var myOptions = {\n            zoom: 10,\n            center: myLatlng,\n            mapTypeId: google.maps.MapTypeId.ROADMAP,\n            disableDefaultUI: true,\n            mapTypeId: 'flatsome',\n            draggable: true,\n            zoomControl: true,\n            zoomControlOptions: {\n              position: google.maps.ControlPosition.TOP_LEFT\n            },\n      \t\t\t\/\/ panControl: true,\n            \/\/ panControlOptions: {\n            \/\/   position: google.maps.ControlPosition.TOP_LEFT\n            \/\/ },\n      \t\t\tmapTypeControl: false,\n            mapTypeControlOptions: {\n              position: google.maps.ControlPosition.TOP_LEFT\n            },\n      \t\t\t\/\/ scaleControl: true,\n            \/\/ scaleControlOptions: {\n            \/\/   position: google.maps.ControlPosition.TOP_LEFT\n            \/\/ },\n      \t\t\tstreetViewControl: false,\n            streetViewControlOptions: {\n              position: google.maps.ControlPosition.TOP_LEFT\n            },\n      \t\t\t\/\/ overviewMapControl: true,\n            \/\/ overviewMapControlOptions: {\n            \/\/   position: google.maps.ControlPosition.TOP_LEFT\n            \/\/ },\n            scrollwheel: false,\n            disableDoubleClickZoom: true\n        }\n        var map = new google.maps.Map(document.getElementById(\"map-3161748790-inner\"), myOptions);\n        var styledMapType = new google.maps.StyledMapType(styles['flatsome'], {name: 'flatsome'});\n        map.mapTypes.set('flatsome', styledMapType);\n\n        var marker = new google.maps.Marker({\n            position: myLatlng,\n            map: map,\n            title:\"\"\n        });\n    }\n\n    \/\/ Required to proceed\n    if (!(typeof google === 'object' && typeof google.maps === 'object')) {\n      return\n    }\n\n    initialize()\n    google.maps.event.addDomListener(window, 'resize', initialize);\n    });\n    <\/script>\n\n    <div class=\"google-map relative mb\" id=\"map-3161748790\">\n        <div class=\"map-height\" id=\"map-3161748790-inner\"><\/div>\n        <div id=\"map_overlay_top\"><\/div>\n        <div id=\"map_overlay_bottom\"><\/div>\n         \n       \n<style>\n#map-3161748790 .map-inner {\n  background-color: #fff;\n  max-width: 30%;\n}\n#map-3161748790 .map-height {\n  height: 400px;\n}\n<\/style>\n    <\/div>\n\n\t\n\t<section class=\"section\" id=\"section_819015772\">\n\t\t<div class=\"bg section-bg fill bg-fill  bg-loaded\" >\n\n\t\t\t\n\t\t\t\n\t\t\t\n\t<div class=\"is-border\"\n\t\tstyle=\"border-color:rgb(235, 235, 235);border-width:1px 0px 0px 0px;\">\n\t<\/div>\n\n\t\t<\/div>\n\n\t\t\n\n\t\t<div class=\"section-content relative\">\n\t\t\t\n\n<div class=\"row\"  id=\"row-1284778786\">\n\n\n\t<div id=\"col-122406396\" class=\"col small-12 large-12\"  >\n\t\t\t\t<div class=\"col-inner\"  >\n\t\t\t\n\t\t\t\n\n<h2 class=\"uppercase\">Z\u00fcrich<\/h2>\n<p>Flughofstrasse 58, 8152 Glattbrugg<\/p>\n<div class=\"social-icons follow-icons full-width text-left\" style=\"font-size:150%\"><span>058 517 44 20<\/span><a href=\"tel:+41445174420\" data-label=\"Phone\" target=\"_blank\" class=\"icon plain phone tooltip\" title=\"Appelez-nous\" aria-label=\"Appelez-nous\" rel=\"nofollow noopener\" ><i class=\"icon-phone\" ><\/i><\/a><\/div>\n\n<div class=\"social-icons follow-icons full-width text-left\" style=\"font-size:150%\"><span>repro@loy.ch<\/span><a href=\"mailto:repro@loy.ch\" data-label=\"E-mail\" target=\"_blank\" class=\"icon plain email tooltip\" title=\"Nous envoyer un email\" aria-label=\"Nous envoyer un email\" rel=\"nofollow noopener\" ><i class=\"icon-envelop\" ><\/i><\/a><\/div>\n\n\n\t\t<\/div>\n\t\t\t\t\n<style>\n#col-122406396 > .col-inner {\n  padding: 10px 0px 0px 0px;\n}\n<\/style>\n\t<\/div>\n\n\t\n\n<\/div>\n\n\t\t<\/div>\n\n\t\t\n<style>\n#section_819015772 {\n  padding-top: 0px;\n  padding-bottom: 0px;\n  min-height: 140px;\n  background-color: rgb(245, 245, 245);\n}\n<\/style>\n\t<\/section>\n\t\n\n<\/div>\n<div id=\"tab_b\u00e2le\" class=\"panel entry-content\" role=\"tabpanel\" aria-labelledby=\"tab-b\u00e2le\">\n\n\n\t<script type=\"text\/javascript\">\n  jQuery( document ).ready(function() {\n    function initialize() {\n        var styles = {\n            'flatsome':  [{\n            \"featureType\": \"administrative\",\n            \"stylers\": [\n              { \"visibility\": \"on\" }\n            ]\n          },\n          {\n            \"featureType\": \"road\",\n            \"stylers\": [\n              { \"visibility\": \"on\" },\n              { \"hue\": \"\" }\n            ]\n          },\n          {\n            \"stylers\": [\n\t\t\t  { \"visibility\": \"on\" },\n\t\t\t  { \"hue\": \"\" },\n\t\t\t  { \"saturation\": -30 }\n            ]\n          }\n        ]};\n\n        var myLatlng = new google.maps.LatLng(47.545338134623, 7.5519682357769);\n        var myOptions = {\n            zoom: 10,\n            center: myLatlng,\n            mapTypeId: google.maps.MapTypeId.ROADMAP,\n            disableDefaultUI: true,\n            mapTypeId: 'flatsome',\n            draggable: true,\n            zoomControl: true,\n            zoomControlOptions: {\n              position: google.maps.ControlPosition.TOP_LEFT\n            },\n      \t\t\t\/\/ panControl: true,\n            \/\/ panControlOptions: {\n            \/\/   position: google.maps.ControlPosition.TOP_LEFT\n            \/\/ },\n      \t\t\tmapTypeControl: false,\n            mapTypeControlOptions: {\n              position: google.maps.ControlPosition.TOP_LEFT\n            },\n      \t\t\t\/\/ scaleControl: true,\n            \/\/ scaleControlOptions: {\n            \/\/   position: google.maps.ControlPosition.TOP_LEFT\n            \/\/ },\n      \t\t\tstreetViewControl: false,\n            streetViewControlOptions: {\n              position: google.maps.ControlPosition.TOP_LEFT\n            },\n      \t\t\t\/\/ overviewMapControl: true,\n            \/\/ overviewMapControlOptions: {\n            \/\/   position: google.maps.ControlPosition.TOP_LEFT\n            \/\/ },\n            scrollwheel: false,\n            disableDoubleClickZoom: true\n        }\n        var map = new google.maps.Map(document.getElementById(\"map-3317146770-inner\"), myOptions);\n        var styledMapType = new google.maps.StyledMapType(styles['flatsome'], {name: 'flatsome'});\n        map.mapTypes.set('flatsome', styledMapType);\n\n        var marker = new google.maps.Marker({\n            position: myLatlng,\n            map: map,\n            title:\"\"\n        });\n    }\n\n    \/\/ Required to proceed\n    if (!(typeof google === 'object' && typeof google.maps === 'object')) {\n      return\n    }\n\n    initialize()\n    google.maps.event.addDomListener(window, 'resize', initialize);\n    });\n    <\/script>\n\n    <div class=\"google-map relative mb\" id=\"map-3317146770\">\n        <div class=\"map-height\" id=\"map-3317146770-inner\"><\/div>\n        <div id=\"map_overlay_top\"><\/div>\n        <div id=\"map_overlay_bottom\"><\/div>\n         \n       \n<style>\n#map-3317146770 .map-inner {\n  background-color: #fff;\n  max-width: 30%;\n}\n#map-3317146770 .map-height {\n  height: 400px;\n}\n<\/style>\n    <\/div>\n\n\t\n\t<section class=\"section\" id=\"section_133812232\">\n\t\t<div class=\"bg section-bg fill bg-fill  bg-loaded\" >\n\n\t\t\t\n\t\t\t\n\t\t\t\n\t<div class=\"is-border\"\n\t\tstyle=\"border-color:rgb(235, 235, 235);border-width:1px 0px 0px 0px;\">\n\t<\/div>\n\n\t\t<\/div>\n\n\t\t\n\n\t\t<div class=\"section-content relative\">\n\t\t\t\n\n<div class=\"row\"  id=\"row-166158937\">\n\n\n\t<div id=\"col-60367371\" class=\"col small-12 large-12\"  >\n\t\t\t\t<div class=\"col-inner\"  >\n\t\t\t\n\t\t\t\n\n<h2 class=\"uppercase\">Basel<\/h2>\n<p>4123 Allschwil<\/p>\n<div class=\"social-icons follow-icons full-width text-left\" style=\"font-size:150%\"><span>061 517 44 20<\/span><a href=\"tel:+41615174420\" data-label=\"Phone\" target=\"_blank\" class=\"icon plain phone tooltip\" title=\"Appelez-nous\" aria-label=\"Appelez-nous\" rel=\"nofollow noopener\" ><i class=\"icon-phone\" ><\/i><\/a><\/div>\n\n<div class=\"social-icons follow-icons full-width text-left\" style=\"font-size:150%\"><span>repro@loy.ch<\/span><a href=\"mailto:repro@loy.ch\" data-label=\"E-mail\" target=\"_blank\" class=\"icon plain email tooltip\" title=\"Nous envoyer un email\" aria-label=\"Nous envoyer un email\" rel=\"nofollow noopener\" ><i class=\"icon-envelop\" ><\/i><\/a><\/div>\n\n\n\t\t<\/div>\n\t\t\t\t\n<style>\n#col-60367371 > .col-inner {\n  padding: 10px 0px 0px 0px;\n}\n<\/style>\n\t<\/div>\n\n\t\n\n<\/div>\n\n\t\t<\/div>\n\n\t\t\n<style>\n#section_133812232 {\n  padding-top: 0px;\n  padding-bottom: 0px;\n  min-height: 140px;\n  background-color: rgb(245, 245, 245);\n}\n<\/style>\n\t<\/section>\n\t\n\n<\/div>\n<div id=\"tab_lausanne\" class=\"panel entry-content\" role=\"tabpanel\" aria-labelledby=\"tab-lausanne\">\n\n\n\t<script type=\"text\/javascript\">\n  jQuery( document ).ready(function() {\n    function initialize() {\n        var styles = {\n            'flatsome':  [{\n            \"featureType\": \"administrative\",\n            \"stylers\": [\n              { \"visibility\": \"on\" }\n            ]\n          },\n          {\n            \"featureType\": \"road\",\n            \"stylers\": [\n              { \"visibility\": \"on\" },\n              { \"hue\": \"\" }\n            ]\n          },\n          {\n            \"stylers\": [\n\t\t\t  { \"visibility\": \"on\" },\n\t\t\t  { \"hue\": \"\" },\n\t\t\t  { \"saturation\": -30 }\n            ]\n          }\n        ]};\n\n        var myLatlng = new google.maps.LatLng(46.517916126378, 6.5489524035891);\n        var myOptions = {\n            zoom: 10,\n            center: myLatlng,\n            mapTypeId: google.maps.MapTypeId.ROADMAP,\n            disableDefaultUI: true,\n            mapTypeId: 'flatsome',\n            draggable: true,\n            zoomControl: true,\n            zoomControlOptions: {\n              position: google.maps.ControlPosition.TOP_LEFT\n            },\n      \t\t\t\/\/ panControl: true,\n            \/\/ panControlOptions: {\n            \/\/   position: google.maps.ControlPosition.TOP_LEFT\n            \/\/ },\n      \t\t\tmapTypeControl: false,\n            mapTypeControlOptions: {\n              position: google.maps.ControlPosition.TOP_LEFT\n            },\n      \t\t\t\/\/ scaleControl: true,\n            \/\/ scaleControlOptions: {\n            \/\/   position: google.maps.ControlPosition.TOP_LEFT\n            \/\/ },\n      \t\t\tstreetViewControl: false,\n            streetViewControlOptions: {\n              position: google.maps.ControlPosition.TOP_LEFT\n            },\n      \t\t\t\/\/ overviewMapControl: true,\n            \/\/ overviewMapControlOptions: {\n            \/\/   position: google.maps.ControlPosition.TOP_LEFT\n            \/\/ },\n            scrollwheel: false,\n            disableDoubleClickZoom: true\n        }\n        var map = new google.maps.Map(document.getElementById(\"map-1030947670-inner\"), myOptions);\n        var styledMapType = new google.maps.StyledMapType(styles['flatsome'], {name: 'flatsome'});\n        map.mapTypes.set('flatsome', styledMapType);\n\n        var marker = new google.maps.Marker({\n            position: myLatlng,\n            map: map,\n            title:\"\"\n        });\n    }\n\n    \/\/ Required to proceed\n    if (!(typeof google === 'object' && typeof google.maps === 'object')) {\n      return\n    }\n\n    initialize()\n    google.maps.event.addDomListener(window, 'resize', initialize);\n    });\n    <\/script>\n\n    <div class=\"google-map relative mb\" id=\"map-1030947670\">\n        <div class=\"map-height\" id=\"map-1030947670-inner\"><\/div>\n        <div id=\"map_overlay_top\"><\/div>\n        <div id=\"map_overlay_bottom\"><\/div>\n         \n       \n<style>\n#map-1030947670 .map-inner {\n  background-color: #fff;\n  max-width: 30%;\n}\n#map-1030947670 .map-height {\n  height: 400px;\n}\n<\/style>\n    <\/div>\n\n\t\n\t<section class=\"section\" id=\"section_1361014355\">\n\t\t<div class=\"bg section-bg fill bg-fill  bg-loaded\" >\n\n\t\t\t\n\t\t\t\n\t\t\t\n\t<div class=\"is-border\"\n\t\tstyle=\"border-color:rgb(235, 235, 235);border-width:1px 0px 0px 0px;\">\n\t<\/div>\n\n\t\t<\/div>\n\n\t\t\n\n\t\t<div class=\"section-content relative\">\n\t\t\t\n\n<div class=\"row\"  id=\"row-673959007\">\n\n\n\t<div id=\"col-203977599\" class=\"col small-12 large-12\"  >\n\t\t\t\t<div class=\"col-inner\"  >\n\t\t\t\n\t\t\t\n\n<h2 class=\"uppercase\">Lausanne<\/h2>\n<p>1024 Ecublens<\/p>\n<div class=\"social-icons follow-icons full-width text-left\" style=\"font-size:150%\"><span>021 517 44 20<\/span><a href=\"tel:+41215174420\" data-label=\"Phone\" target=\"_blank\" class=\"icon plain phone tooltip\" title=\"Appelez-nous\" aria-label=\"Appelez-nous\" rel=\"nofollow noopener\" ><i class=\"icon-phone\" ><\/i><\/a><\/div>\n\n<div class=\"social-icons follow-icons full-width text-left\" style=\"font-size:150%\"><span>repro@loy.ch<\/span><a href=\"mailto:repro@loy.ch\" data-label=\"E-mail\" target=\"_blank\" class=\"icon plain email tooltip\" title=\"Nous envoyer un email\" aria-label=\"Nous envoyer un email\" rel=\"nofollow noopener\" ><i class=\"icon-envelop\" ><\/i><\/a><\/div>\n\n\n\t\t<\/div>\n\t\t\t\t\n<style>\n#col-203977599 > .col-inner {\n  padding: 10px 0px 0px 0px;\n}\n<\/style>\n\t<\/div>\n\n\t\n\n<\/div>\n\n\t\t<\/div>\n\n\t\t\n<style>\n#section_1361014355 {\n  padding-top: 0px;\n  padding-bottom: 0px;\n  min-height: 140px;\n  background-color: rgb(245, 245, 245);\n}\n<\/style>\n\t<\/section>\n\t\n\n<\/div>\n<div id=\"tab_gen\u00e8ve\" class=\"panel entry-content\" role=\"tabpanel\" aria-labelledby=\"tab-gen\u00e8ve\">\n\n\n\t<script type=\"text\/javascript\">\n  jQuery( document ).ready(function() {\n    function initialize() {\n        var styles = {\n            'flatsome':  [{\n            \"featureType\": \"administrative\",\n            \"stylers\": [\n              { \"visibility\": \"on\" }\n            ]\n          },\n          {\n            \"featureType\": \"road\",\n            \"stylers\": [\n              { \"visibility\": \"on\" },\n              { \"hue\": \"\" }\n            ]\n          },\n          {\n            \"stylers\": [\n\t\t\t  { \"visibility\": \"on\" },\n\t\t\t  { \"hue\": \"\" },\n\t\t\t  { \"saturation\": -30 }\n            ]\n          }\n        ]};\n\n        var myLatlng = new google.maps.LatLng(46.217905804935, 6.0570081791176);\n        var myOptions = {\n            zoom: 10,\n            center: myLatlng,\n            mapTypeId: google.maps.MapTypeId.ROADMAP,\n            disableDefaultUI: true,\n            mapTypeId: 'flatsome',\n            draggable: true,\n            zoomControl: true,\n            zoomControlOptions: {\n              position: google.maps.ControlPosition.TOP_LEFT\n            },\n      \t\t\t\/\/ panControl: true,\n            \/\/ panControlOptions: {\n            \/\/   position: google.maps.ControlPosition.TOP_LEFT\n            \/\/ },\n      \t\t\tmapTypeControl: false,\n            mapTypeControlOptions: {\n              position: google.maps.ControlPosition.TOP_LEFT\n            },\n      \t\t\t\/\/ scaleControl: true,\n            \/\/ scaleControlOptions: {\n            \/\/   position: google.maps.ControlPosition.TOP_LEFT\n            \/\/ },\n      \t\t\tstreetViewControl: false,\n            streetViewControlOptions: {\n              position: google.maps.ControlPosition.TOP_LEFT\n            },\n      \t\t\t\/\/ overviewMapControl: true,\n            \/\/ overviewMapControlOptions: {\n            \/\/   position: google.maps.ControlPosition.TOP_LEFT\n            \/\/ },\n            scrollwheel: false,\n            disableDoubleClickZoom: true\n        }\n        var map = new google.maps.Map(document.getElementById(\"map-1061427297-inner\"), myOptions);\n        var styledMapType = new google.maps.StyledMapType(styles['flatsome'], {name: 'flatsome'});\n        map.mapTypes.set('flatsome', styledMapType);\n\n        var marker = new google.maps.Marker({\n            position: myLatlng,\n            map: map,\n            title:\"\"\n        });\n    }\n\n    \/\/ Required to proceed\n    if (!(typeof google === 'object' && typeof google.maps === 'object')) {\n      return\n    }\n\n    initialize()\n    google.maps.event.addDomListener(window, 'resize', initialize);\n    });\n    <\/script>\n\n    <div class=\"google-map relative mb\" id=\"map-1061427297\">\n        <div class=\"map-height\" id=\"map-1061427297-inner\"><\/div>\n        <div id=\"map_overlay_top\"><\/div>\n        <div id=\"map_overlay_bottom\"><\/div>\n         \n       \n<style>\n#map-1061427297 .map-inner {\n  background-color: #fff;\n  max-width: 30%;\n}\n#map-1061427297 .map-height {\n  height: 400px;\n}\n<\/style>\n    <\/div>\n\n\t\n\t<section class=\"section\" id=\"section_388510521\">\n\t\t<div class=\"bg section-bg fill bg-fill  bg-loaded\" >\n\n\t\t\t\n\t\t\t\n\t\t\t\n\t<div class=\"is-border\"\n\t\tstyle=\"border-color:rgb(235, 235, 235);border-width:1px 0px 0px 0px;\">\n\t<\/div>\n\n\t\t<\/div>\n\n\t\t\n\n\t\t<div class=\"section-content relative\">\n\t\t\t\n\n<div class=\"row\"  id=\"row-955440447\">\n\n\n\t<div id=\"col-1321737890\" class=\"col small-12 large-12\"  >\n\t\t\t\t<div class=\"col-inner\"  >\n\t\t\t\n\t\t\t\n\n<h2 class=\"uppercase\">Gen\u00e8ve<\/h2>\n<p>1217 Satigny<\/p>\n<div class=\"social-icons follow-icons full-width text-left\" style=\"font-size:150%\"><span>022 517 44 20<\/span><a href=\"tel:+41225174420\" data-label=\"Phone\" target=\"_blank\" class=\"icon plain phone tooltip\" title=\"Appelez-nous\" aria-label=\"Appelez-nous\" rel=\"nofollow noopener\" ><i class=\"icon-phone\" ><\/i><\/a><\/div>\n\n<div class=\"social-icons follow-icons full-width text-left\" style=\"font-size:150%\"><span>repro@loy.ch<\/span><a href=\"mailto:repro@loy.ch\" data-label=\"E-mail\" target=\"_blank\" class=\"icon plain email tooltip\" title=\"Nous envoyer un email\" aria-label=\"Nous envoyer un email\" rel=\"nofollow noopener\" ><i class=\"icon-envelop\" ><\/i><\/a><\/div>\n\n\n\t\t<\/div>\n\t\t\t\t\n<style>\n#col-1321737890 > .col-inner {\n  padding: 10px 0px 0px 0px;\n}\n<\/style>\n\t<\/div>\n\n\t\n\n<\/div>\n\n\t\t<\/div>\n\n\t\t\n<style>\n#section_388510521 {\n  padding-top: 0px;\n  padding-bottom: 0px;\n  min-height: 140px;\n  background-color: rgb(245, 245, 245);\n}\n<\/style>\n\t<\/section>\n\t\n\n<\/div><\/div><\/div>\n\n\t\t<\/div>\n\t\t\t\t\t<\/div>\n\n\t\n\n<\/div>\n\n","protected":false},"excerpt":{"rendered":"","protected":false},"author":1,"featured_media":0,"parent":3061,"menu_order":0,"comment_status":"closed","ping_status":"closed","template":"","meta":{"spay_email":"","footnotes":""},"class_list":["post-3070","page","type-page","status-publish","hentry"],"_links":{"self":[{"href":"https:\/\/loy.ch\/fr\/wp-json\/wp\/v2\/pages\/3070","targetHints":{"allow":["GET"]}}],"collection":[{"href":"https:\/\/loy.ch\/fr\/wp-json\/wp\/v2\/pages"}],"about":[{"href":"https:\/\/loy.ch\/fr\/wp-json\/wp\/v2\/types\/page"}],"author":[{"embeddable":true,"href":"https:\/\/loy.ch\/fr\/wp-json\/wp\/v2\/users\/1"}],"replies":[{"embeddable":true,"href":"https:\/\/loy.ch\/fr\/wp-json\/wp\/v2\/comments?post=3070"}],"version-history":[{"count":17,"href":"https:\/\/loy.ch\/fr\/wp-json\/wp\/v2\/pages\/3070\/revisions"}],"predecessor-version":[{"id":4150,"href":"https:\/\/loy.ch\/fr\/wp-json\/wp\/v2\/pages\/3070\/revisions\/4150"}],"up":[{"embeddable":true,"href":"https:\/\/loy.ch\/fr\/wp-json\/wp\/v2\/pages\/3061"}],"wp:attachment":[{"href":"https:\/\/loy.ch\/fr\/wp-json\/wp\/v2\/media?parent=3070"}],"curies":[{"name":"wp","href":"https:\/\/api.w.org\/{rel}","templated":true}]}}