{"id":3224,"date":"2021-06-26T13:43:17","date_gmt":"2021-06-26T11:43:17","guid":{"rendered":"https:\/\/loy.ch\/?page_id=3224"},"modified":"2024-10-24T20:43:54","modified_gmt":"2024-10-24T18:43:54","slug":"contact-2","status":"publish","type":"page","link":"https:\/\/loy.ch\/fr\/contact\/","title":{"rendered":"Kontakt"},"content":{"rendered":"\n\n  <div class=\"banner has-hover\" id=\"banner-1237639318\">\n          <div class=\"banner-inner fill\">\n        <div class=\"banner-bg fill\" >\n            <div class=\"bg fill bg-fill \"><\/div>\n                                    \n                    <\/div>\n\t\t\n        <div class=\"banner-layers container\">\n            <div class=\"fill banner-link\"><\/div>            \n\n   <div id=\"text-box-708344725\" class=\"text-box banner-layer x50 md-x50 lg-x50 y80 md-y80 lg-y80 res-text\">\n                                <div class=\"text-box-content text dark\">\n              \n              <div class=\"text-inner text-center\">\n                  \n\n<h1 class=\"lead\">Contact<\/h1>\n\n              <\/div>\n           <\/div>\n                            \n<style>\n#text-box-708344725 {\n  width: 60%;\n}\n#text-box-708344725 .text-box-content {\n  font-size: 100%;\n}\n<\/style>\n    <\/div>\n \n\n        <\/div>\n      <\/div>\n\n            \n<style>\n#banner-1237639318 {\n  padding-top: 250px;\n}\n#banner-1237639318 .bg.bg-loaded {\n  background-image: url(https:\/\/i2.wp.com\/loy.ch\/wp-content\/uploads\/2021\/06\/slider_contact-1.png?fit=1020%2C319&ssl=1);\n}\n<\/style>\n  <\/div>\n\n\n<div class=\"row\"  id=\"row-2107139287\">\n\n\n\t<div id=\"col-2086463234\" class=\"col medium-6 large-6\"  >\n\t\t\t\t<div class=\"col-inner\"  >\n\t\t\t\n\t\t\t\n\n<div class=\"container section-title-container\" ><h3 class=\"section-title section-title-normal\"><b><\/b><span class=\"section-title-main\" >Questions fr\u00e9quemment pos\u00e9es<\/span><b><\/b><\/h3><\/div>\n\n<div class=\"accordion\">\n\n\t<div id=\"accordion-2404127972\" class=\"accordion-item\">\n\t\t<a id=\"accordion-2404127972-label\" class=\"accordion-title plain\" href=\"#accordion-item-quand-je-recevrai-ma-commande?\" aria-expanded=\"false\" aria-controls=\"accordion-2404127972-content\" >\n\t\t\t<button class=\"toggle\" aria-label=\"Basculer\"><i class=\"icon-angle-down\"><\/i><\/button>\n\t\t\t<span>Quand je recevrai ma commande?<\/span>\n\t\t<\/a>\n\t\t<div id=\"accordion-2404127972-content\" class=\"accordion-inner\" aria-labelledby=\"accordion-2404127972-label\" >\n\t\t\t\n\n<p>Si vous commandez avant 15 heures, votre commande sera exp\u00e9di\u00e9e le jour m\u00eame par colis PRI ou A-Poste et vous recevrez votre commande le jour ouvrable suivant.<\/p>\n\n\t\t<\/div>\n\t<\/div>\n\t\n\t<div id=\"accordion-277589157\" class=\"accordion-item\">\n\t\t<a id=\"accordion-277589157-label\" class=\"accordion-title plain\" href=\"#accordion-item-\u00c0-quel-e-mail-puis-je-envoyer-ma-commande?\" aria-expanded=\"false\" aria-controls=\"accordion-277589157-content\" >\n\t\t\t<button class=\"toggle\" aria-label=\"Basculer\"><i class=\"icon-angle-down\"><\/i><\/button>\n\t\t\t<span>\u00c0 quel e-mail puis-je envoyer ma commande?<\/span>\n\t\t<\/a>\n\t\t<div id=\"accordion-277589157-content\" class=\"accordion-inner\" aria-labelledby=\"accordion-277589157-label\" >\n\t\t\t\n\n<p>Vous pouvez envoyer vos commandes par e-mail \u00e0 ordre@loy.ch<\/p>\n\n\t\t<\/div>\n\t<\/div>\n\t\n\t<div id=\"accordion-364036993\" class=\"accordion-item\">\n\t\t<a id=\"accordion-364036993-label\" class=\"accordion-title plain\" href=\"#accordion-item-o\u00f9-est-ma-commande?\" aria-expanded=\"false\" aria-controls=\"accordion-364036993-content\" >\n\t\t\t<button class=\"toggle\" aria-label=\"Basculer\"><i class=\"icon-angle-down\"><\/i><\/button>\n\t\t\t<span>O\u00f9 est ma commande?<\/span>\n\t\t<\/a>\n\t\t<div id=\"accordion-364036993-content\" class=\"accordion-inner\" aria-labelledby=\"accordion-364036993-label\" >\n\t\t\t\n\n<p>Votre commande n&#8217;est pas encore arriv\u00e9e ? Pas de probl\u00e8me, appelez-nous au 058 517 44 21, nous serons heureux de vous dire o\u00f9 se trouve actuellement votre commande.<\/p>\n\n\t\t<\/div>\n\t<\/div>\n\t\n\t<div id=\"accordion-3838152827\" class=\"accordion-item\">\n\t\t<a id=\"accordion-3838152827-label\" class=\"accordion-title plain\" href=\"#accordion-item-puis-je-aussi-venir-chercher-ma-commande?\" aria-expanded=\"false\" aria-controls=\"accordion-3838152827-content\" >\n\t\t\t<button class=\"toggle\" aria-label=\"Basculer\"><i class=\"icon-angle-down\"><\/i><\/button>\n\t\t\t<span>Puis-je aussi venir chercher ma commande?<\/span>\n\t\t<\/a>\n\t\t<div id=\"accordion-3838152827-content\" class=\"accordion-inner\" aria-labelledby=\"accordion-3838152827-label\" >\n\t\t\t\n\n<p>Oui, vous pouvez venir chercher votre commande dans l&#8217;un de nos 5 sites si vous le souhaitez. Veuillez indiquer dans le champ des commentaires que vous souhaitez retirer votre commande dans le site souhait\u00e9.<\/p>\n\n\t\t<\/div>\n\t<\/div>\n\t\n\t<div id=\"accordion-3780436984\" class=\"accordion-item\">\n\t\t<a id=\"accordion-3780436984-label\" class=\"accordion-title plain\" href=\"#accordion-item-aidez-moi,-j&#039;ai-command\u00e9-trop-tard!\" aria-expanded=\"false\" aria-controls=\"accordion-3780436984-content\" >\n\t\t\t<button class=\"toggle\" aria-label=\"Basculer\"><i class=\"icon-angle-down\"><\/i><\/button>\n\t\t\t<span>Aidez-moi, j'ai command\u00e9 trop tard!<\/span>\n\t\t<\/a>\n\t\t<div id=\"accordion-3780436984-content\" class=\"accordion-inner\" aria-labelledby=\"accordion-3780436984-label\" >\n\t\t\t\n\n<p>Pas de probl\u00e8me ! Appelez-nous au 058 517 44 21, nous trouverons une solution simple pour vous.<\/p>\n\n\t\t<\/div>\n\t<\/div>\n\t\n\t<div id=\"accordion-3747957624\" class=\"accordion-item\">\n\t\t<a id=\"accordion-3747957624-label\" class=\"accordion-title plain\" href=\"#accordion-item-j&#039;ai-fait-une-erreur,-puis-je-annuler?\" aria-expanded=\"false\" aria-controls=\"accordion-3747957624-content\" >\n\t\t\t<button class=\"toggle\" aria-label=\"Basculer\"><i class=\"icon-angle-down\"><\/i><\/button>\n\t\t\t<span>J'ai fait une erreur, puis-je annuler?<\/span>\n\t\t<\/a>\n\t\t<div id=\"accordion-3747957624-content\" class=\"accordion-inner\" aria-labelledby=\"accordion-3747957624-label\" >\n\t\t\t\n\n<p>Nous sommes rapides et vraiment rapides! Pour que nous puissions arr\u00eater imm\u00e9diatement votre commande, vous devez nous contacter <strong>par t\u00e9l\u00e9phone<\/strong> au 058 517 44 21. Une demande par e-mail arrive souvent trop tard et pas \u00e0 la bonne<br \/>personne, elle ne peut donc pas \u00eatre prise en charge \u00e0 temps.&nbsp;<\/p>\n\n\t\t<\/div>\n\t<\/div>\n\t\n\n<\/div>\n\n\t\t<\/div>\n\t\t\t\t\t<\/div>\n\n\t\n\n\t<div id=\"col-590394855\" class=\"col medium-6 large-6\"  >\n\t\t\t\t<div class=\"col-inner\"  >\n\t\t\t\n\t\t\t\n\n<div class=\"container section-title-container\" ><h3 class=\"section-title section-title-normal\"><b><\/b><span class=\"section-title-main\" >Envoyez nous un message<\/span><b><\/b><\/h3><\/div>\n\n<div role=\"form\" class=\"wpcf7\" id=\"wpcf7-f3146-o1\" lang=\"en-US\" dir=\"ltr\">\n<div class=\"screen-reader-response\"><p role=\"status\" aria-live=\"polite\" aria-atomic=\"true\"><\/p> <ul><\/ul><\/div>\n<form action=\"\/fr\/wp-json\/wp\/v2\/pages\/3224#wpcf7-f3146-o1\" method=\"post\" class=\"wpcf7-form init\" novalidate=\"novalidate\" data-status=\"init\">\n<div style=\"display: none;\">\n<input type=\"hidden\" name=\"_wpcf7\" value=\"3146\" \/>\n<input type=\"hidden\" name=\"_wpcf7_version\" value=\"5.4.1\" \/>\n<input type=\"hidden\" name=\"_wpcf7_locale\" value=\"en_US\" \/>\n<input type=\"hidden\" name=\"_wpcf7_unit_tag\" value=\"wpcf7-f3146-o1\" \/>\n<input type=\"hidden\" name=\"_wpcf7_container_post\" value=\"0\" \/>\n<input type=\"hidden\" name=\"_wpcf7_posted_data_hash\" value=\"\" \/>\n<\/div>\n<div class=\"form-flat\">\n<span class=\"wpcf7-form-control-wrap your-name\"><input type=\"text\" name=\"your-name\" value=\"\" size=\"40\" class=\"wpcf7-form-control wpcf7-text wpcf7-validates-as-required\" aria-required=\"true\" aria-invalid=\"false\" placeholder=\"Nom\" \/><\/span><br \/>\n<span class=\"wpcf7-form-control-wrap tel-927\"><input type=\"tel\" name=\"tel-927\" value=\"\" size=\"40\" class=\"wpcf7-form-control wpcf7-text wpcf7-tel wpcf7-validates-as-tel\" aria-invalid=\"false\" placeholder=\"T\u00e9l\u00e9phone\" \/><\/span><\/p>\n<p><span class=\"wpcf7-form-control-wrap your-email\"><input type=\"email\" name=\"your-email\" value=\"\" size=\"40\" class=\"wpcf7-form-control wpcf7-text wpcf7-email wpcf7-validates-as-required wpcf7-validates-as-email\" aria-required=\"true\" aria-invalid=\"false\" placeholder=\"E-Mail\" \/><\/span> <\/p>\n<p><span class=\"wpcf7-form-control-wrap your-message\"><textarea name=\"your-message\" cols=\"40\" rows=\"10\" class=\"wpcf7-form-control wpcf7-textarea\" aria-invalid=\"false\" placeholder=\"Message\"><\/textarea><\/span> <\/p>\n<p><input type=\"submit\" value=\"Envoyer\" class=\"wpcf7-form-control wpcf7-submit button\" \/>\n<\/p><\/div>\n<div class=\"wpcf7-response-output\" aria-hidden=\"true\"><\/div><\/form><\/div>\n\n\n\t\t<\/div>\n\t\t\t\t\t<\/div>\n\n\t\n\n\t<div id=\"col-504228132\" class=\"col medium-4 small-12 large-4\"  >\n\t\t\t\t<div class=\"col-inner\"  >\n\t\t\t\n\t\t\t\n\n\n\t\t<\/div>\n\t\t\t\t\t<\/div>\n\n\t\n\n\t<div id=\"col-1548292958\" class=\"col medium-4 small-12 large-4\"  >\n\t\t\t\t<div class=\"col-inner\"  >\n\t\t\t\n\t\t\t\n\n\n\t\t<\/div>\n\t\t\t\t\t<\/div>\n\n\t\n\n\t<div id=\"col-584800076\" class=\"col medium-4 small-12 large-4\"  >\n\t\t\t\t<div class=\"col-inner\"  >\n\t\t\t\n\t\t\t\n\n\n\t\t<\/div>\n\t\t\t\t\t<\/div>\n\n\t\n\n<\/div>\n<p>&nbsp;<\/p>\n\n","protected":false},"excerpt":{"rendered":"","protected":false},"author":1,"featured_media":0,"parent":3061,"menu_order":0,"comment_status":"closed","ping_status":"closed","template":"page-transparent-header-light.php","meta":{"spay_email":"","footnotes":""},"class_list":["post-3224","page","type-page","status-publish","hentry"],"_links":{"self":[{"href":"https:\/\/loy.ch\/fr\/wp-json\/wp\/v2\/pages\/3224","targetHints":{"allow":["GET"]}}],"collection":[{"href":"https:\/\/loy.ch\/fr\/wp-json\/wp\/v2\/pages"}],"about":[{"href":"https:\/\/loy.ch\/fr\/wp-json\/wp\/v2\/types\/page"}],"author":[{"embeddable":true,"href":"https:\/\/loy.ch\/fr\/wp-json\/wp\/v2\/users\/1"}],"replies":[{"embeddable":true,"href":"https:\/\/loy.ch\/fr\/wp-json\/wp\/v2\/comments?post=3224"}],"version-history":[{"count":7,"href":"https:\/\/loy.ch\/fr\/wp-json\/wp\/v2\/pages\/3224\/revisions"}],"predecessor-version":[{"id":4148,"href":"https:\/\/loy.ch\/fr\/wp-json\/wp\/v2\/pages\/3224\/revisions\/4148"}],"up":[{"embeddable":true,"href":"https:\/\/loy.ch\/fr\/wp-json\/wp\/v2\/pages\/3061"}],"wp:attachment":[{"href":"https:\/\/loy.ch\/fr\/wp-json\/wp\/v2\/media?parent=3224"}],"curies":[{"name":"wp","href":"https:\/\/api.w.org\/{rel}","templated":true}]}}